{"id":428,"date":"2022-05-27T19:49:23","date_gmt":"2022-05-27T17:49:23","guid":{"rendered":"http:\/\/www.dottoratostoria.unina.it\/?page_id=428"},"modified":"2025-12-12T07:39:56","modified_gmt":"2025-12-12T06:39:56","slug":"dottorandi","status":"publish","type":"page","link":"https:\/\/www.dottoratostoria.unina.it\/index.php\/it\/dottorandi\/","title":{"rendered":"Dottorandi"},"content":{"rendered":"\n<p>XLI Ciclo<\/p>\n\n\n\n<ol class=\"wp-block-list\">\n<li>Barbato Donato, <em>Migrazioni, integrazione barbarica e governo dell\u2019Oriente romano nel V sec. d.C.: aspetti giuridici, politici, culturali e sociali<\/em><a>, supervisore<\/a> <a>prof. Umberto Roberto<\/a>; co-supervisore prof. Salvatore Marino<\/li>\n\n\n\n<li>Esposito Francesco, <em>Governare la comunicazione. Le reti postali e stradali degli stati regionali italiani nel XVIII secolo<\/em><a>, supervisore prof. Massimo Cattaneo; co-supervisore prof. Diego Carnevale<\/a><\/li>\n\n\n\n<li>Micillo Marta, <em>Il Concilio di Nicea come snodo per i rapporti tra seguaci di Ges\u00f9 e Impero romano sotto Costantino (IV sec. d.C.)<\/em>, supervisore prof. Luca Arcari; co-supervisore prof. Umberto Roberto; co-supervisore prof.ssa Mar Marcos (Universidad de Cantabria, Spagna, referente anche per il rilascio del doppio titolo)<\/li>\n\n\n\n<li>Passeggi Daniele, <em>Il secolo del martirio. Cultura cattolica di massa e memoria dei totalitarismi nell\u2019Italia repubblicana (\u00abFamiglia Cristiana\u00bb, 1945-2000)<\/em>, supervisore prof. Andrea D&#8217;Onofrio<\/li>\n\n\n\n<li>Tamburro Riccardo, <em>La Federazione Laburista e il tentativo di rilanciare il socialismo italiano (1994-1998)<\/em>, supervisore prof. Leonardo Casalino (Universit\u00e0 di Grenoble); co-supervisore prof. Gennaro Barbuto<\/li>\n<\/ol>\n\n\n\n<p>XL Ciclo<\/p>\n\n\n\n<ol start=\"6\" class=\"wp-block-list\">\n<li>Carotenuto Germano,&nbsp;<em>Biagio Gioacchino Miraglia. Il Teatro dei Folli, la Frenologia e la Rivoluzione<\/em>; supervisore prof.ssa Laura Di Fiore; co-supervisore: Prof.ssa Vinzia Fiorino (Universit\u00e0 di Pisa);<\/li>\n\n\n\n<li>Esposito Lorenzo,\u00a0<em>Iniusta locupletatio e animus donandi. L\u2019usura nel dibattito tra il XII ed il XV secolo<\/em>; supervisore prof. Roberto Delle Donne; co-supervisori prof.ssa Annick Peters-Custot e prof. Salvatore Marino<\/li>\n\n\n\n<li>Rebollo Alessio,&nbsp;<em>L\u2019Italia suburbicaria in et\u00e0 costantiniana e costantinide: genesi, economia e amministrazione<\/em>; supervisore prof. Umberto Roberto; co-supervisore: prof. Salvatore Marino<\/li>\n\n\n\n<li>Tabacchino Tatiana,&nbsp;<em>Il contributo di Napoli alla biologia coloniale: dall\u2019et\u00e0 liberale alla fine dell\u2019impero fascista<\/em>; supervisore prof. Andrea D\u2019Onofrio.<\/li>\n<\/ol>\n\n\n\n<p>XXXIX Ciclo<\/p>\n\n\n\n<ol class=\"wp-block-list\">\n<li>Centofante Giulia,&nbsp;<em>Intersex: la concreta esperienza dei corpi normalizzati<\/em>; supervisore prof.ssa Elisabetta Bini; co-supervisore prof. Emmanul Betta (Roma La Sapienza);<\/li>\n\n\n\n<li>De Vita Stefano,&nbsp;<em>Iconoclasmo italiano<\/em>; supervisore prof. Francesco Senatore; co-supervisor prof.ssa Eleni Sakellariou (University of Crete, Grecia, referente anche per il rilascio del doppio titolo);<\/li>\n\n\n\n<li>Gargiulo Syria,&nbsp;<em>L\u2019editoria napoletana: censura e traduzione nel periodo della Restaurazione<\/em>; supervisore prof. Laura Di Fiore; co-supervisore prof. Diego Carnevale;<\/li>\n\n\n\n<li>Marino Carla,&nbsp;<em>Alla ricerca di nuovi paradigmi per l\u2019insegnamento della storia nella scuola secondaria superiore<\/em>; supervisore prof. Andrea D\u2019Onofrio; co-supervisori: proff. Massimo Cattaneo e Francesco Senatore;<\/li>\n\n\n\n<li>Moracas Flavia,&nbsp;<em>La difesa dell\u2019Italia Suburbicaria nel V secolo d.C.: esercito, societ\u00e0, controllo militare del territorio<\/em>; supervisore prof. Umberto Roberto; co-supervisore prof. Pierfrancesco Porena (Universit\u00e0 di Roma Tre);<\/li>\n\n\n\n<li>Orlo Lorenzo,&nbsp;<em>\u201cLes enfants du peuple\u201d nella Parigi del Settecento<\/em>; supervisore prof. Massimo Cattaneo; co-supervisore prof. Vincent Denis (Universit\u00e9&nbsp;de Rouen Normandie, referente anche per il rilascio del doppio titolo);<\/li>\n<\/ol>\n\n\n\n<p>XXXVIII Ciclo<\/p>\n\n\n\n<ol class=\"wp-block-list\">\n<li>Baffo Marco,&nbsp;<em>Il sistema di occupazione di pace dell\u2019Italia fascista: il caso di studio dell\u2019Albania<\/em>; supervisore prof. Andrea D\u2019Onofrio;<\/li>\n\n\n\n<li>Chiari Gianmarco,&nbsp;<em>Nemici di Dio e alleati di Dio: imperatori e divinit\u00e0&nbsp;nel IV secolo d.C.<\/em>; supervisore prof. Umberto Roberto; co-supervisore prof.ssa Mar Marcos (Universidad de Cantabria, Spagna, referente anche per il rilascio del doppio titolo);<\/li>\n\n\n\n<li>Di Benedetto Paolo;&nbsp;<em>L\u2019Eolide d\u2019Asia in et\u00e0 romana<\/em>; supervisore prof.ssa Giovanna Daniela Merola; co-supervisore prof. Vittorio Saldutti;<\/li>\n\n\n\n<li>Stanca Stefano,&nbsp;<em>Alienation system in French Morocco<\/em>; supervisore prof. Teodoro Tagliaferri; co-supervisori prof. R\u00e9my Bazenguissa-Ganga (\u00c9cole des hautes \u00e9tudes en sciences sociales, Paris) e dott.ssa Silvia Falconieri (\u00c9cole des hautes \u00e9tudes en sciences sociales, Paris, referente anche per il rilascio del doppio titolo).<\/li>\n\n\n\n<li>Matteo Ascolese,&nbsp;<em>Hacer frente a lo excepcional. Comunicaci\u00f3n del desastre, poderes informales y estrategias pol\u00edticas en la Monarqu\u00eda Hisp\u00e1nica del siglo XVII<\/em>; supervisore prof. Manuel Rivero Rodr\u00edguez (Universidad Complutense de Madrid); co-supervisore prof. Domenico Cecere.<\/li>\n<\/ol>\n\n\n\n<p class=\"has-text-align-center\"><\/p>\n","protected":false},"excerpt":{"rendered":"<p>XLI Ciclo XL Ciclo XXXIX Ciclo XXXVIII Ciclo<\/p>\n","protected":false},"author":1,"featured_media":0,"parent":0,"menu_order":0,"comment_status":"closed","ping_status":"closed","template":"","meta":{"footnotes":""},"class_list":["post-428","page","type-page","status-publish","hentry"],"_links":{"self":[{"href":"https:\/\/www.dottoratostoria.unina.it\/index.php\/wp-json\/wp\/v2\/pages\/428","targetHints":{"allow":["GET"]}}],"collection":[{"href":"https:\/\/www.dottoratostoria.unina.it\/index.php\/wp-json\/wp\/v2\/pages"}],"about":[{"href":"https:\/\/www.dottoratostoria.unina.it\/index.php\/wp-json\/wp\/v2\/types\/page"}],"author":[{"embeddable":true,"href":"https:\/\/www.dottoratostoria.unina.it\/index.php\/wp-json\/wp\/v2\/users\/1"}],"replies":[{"embeddable":true,"href":"https:\/\/www.dottoratostoria.unina.it\/index.php\/wp-json\/wp\/v2\/comments?post=428"}],"version-history":[{"count":50,"href":"https:\/\/www.dottoratostoria.unina.it\/index.php\/wp-json\/wp\/v2\/pages\/428\/revisions"}],"predecessor-version":[{"id":1866,"href":"https:\/\/www.dottoratostoria.unina.it\/index.php\/wp-json\/wp\/v2\/pages\/428\/revisions\/1866"}],"wp:attachment":[{"href":"https:\/\/www.dottoratostoria.unina.it\/index.php\/wp-json\/wp\/v2\/media?parent=428"}],"curies":[{"name":"wp","href":"https:\/\/api.w.org\/{rel}","templated":true}]}}