{"id":426,"date":"2022-05-27T19:49:23","date_gmt":"2022-05-27T17:49:23","guid":{"rendered":"http:\/\/www.dottoratostoria.unina.it\/?page_id=426"},"modified":"2025-12-12T07:58:21","modified_gmt":"2025-12-12T06:58:21","slug":"phd-students","status":"publish","type":"page","link":"https:\/\/www.dottoratostoria.unina.it\/index.php\/phd-students\/","title":{"rendered":"PhD Students"},"content":{"rendered":"\n<p class=\"has-text-align-center\"><strong>41st Cycle<\/strong><\/p>\n\n\n\n<ol class=\"wp-block-list\">\n<li>Barbato Donato, <em>Migrations, Barbarian Integration, and the Governance of the Eastern Roman Empire in the Fifth Century AD: Legal, Political, Cultural, and Social Aspects<\/em>, supervisor Prof. Umberto Roberto; co-supervisor Prof. Salvatore Marino<\/li>\n\n\n\n<li>Esposito Francesco, <em>Governing Communication: Postal and Road Networks in the Italian Regional States in the Eighteenth Century<\/em>, supervisor Prof. Massimo Cattaneo; co-supervisor Prof. Diego Carnevale<\/li>\n\n\n\n<li>Micillo Marta, <em>The Council of Nicaea as a Turning Point in the Relations between the Followers of Jesus and the Roman Empire under Constantine (4th Century AD)<\/em>, supervisor Prof. Luca Arcari; co-supervisor Prof. Umberto Roberto, co-supervisor Prof. Mar Marcos (University of Cantabria, Spain, also responsible for issuing the double degree)<\/li>\n\n\n\n<li>Passeggi Daniele, <em>The Century of Martyrdom: Mass Catholic Culture and the Memory of Totalitarianisms in Republican Italy (\u201cFamiglia Cristiana\u201d, 1945\u20132000)<\/em>, supervisor Prof. Andrea D\u2019Onofrio<\/li>\n\n\n\n<li>Tamburro Riccardo, <em>The Labour Federation and the Attempt to Revitalise Italian Socialism (1994\u20131998)<\/em>, supervisor Prof. Leonardo Casalino (University of Grenoble); co-supervisor Prof. Gennaro Barbuto<\/li>\n<\/ol>\n\n\n\n<p class=\"has-text-align-center\"><strong>40th Cycle<\/strong><\/p>\n\n\n\n<ol class=\"wp-block-list\">\n<li><em>Carotenuto Germano, Biagio Gioacchino Miraglia.<\/em> <em>The Theatre of Madness, Phrenology, and Revolution<\/em>; supervisor: Prof. Laura Di Fiore; co-supervisor: Prof. Vinzia Fiorino (University of Pisa);<\/li>\n\n\n\n<li><em>Esposito Lorenzo.<\/em> <em>Iniusta locupletatio and animus donandi: Usury in the Debate Between the 12th and 15th Centuries<\/em>; supervisor: Prof. Roberto Delle Donne; co-supervisors Prof. Annick Peters-Custot and Prof. Salvatore Marino.<\/li>\n\n\n\n<li><em>Rebollo Alessio.<\/em> <em>Suburbicarian Italy in the Constantinian and Post-Constantinian Era: Genesis, Economy, and Administration<\/em>; supervisor: Prof. Umberto Roberto; co-supervisor Prof. Salvatore Marino.<\/li>\n\n\n\n<li><em>Tabacchino Tatiana.<\/em> <em>Naples\u2019 Contribution to Colonial Biology: From the Liberal Age to the End of the Fascist Empire<\/em>; supervisor: Prof. Andrea D\u2019Onofrio.<\/li>\n<\/ol>\n\n\n\n<p class=\"has-text-align-center\"><strong>39th Cycle<\/strong><\/p>\n\n\n\n<ol class=\"wp-block-list\">\n<li><em>Centofante Giulia.<\/em> <em>Intersex: The Concrete Experience of Normalized Bodies<\/em>; supervisor: Prof. Elisabetta Bini; co-supervisor: Prof. Emmanuel Betta (Sapienza University of Rome).<\/li>\n\n\n\n<li><em>De Vita Stefano.<\/em> <em>Italian Iconoclasm<\/em>; supervisor: Prof. Francesco Senatore; co-supervisor: Prof. Eleni Sakellariou (University of Crete, Greece, also responsible for issuing the double degree).<\/li>\n\n\n\n<li><em>Gargiulo Syria.<\/em> <em>Neapolitan Publishing: Censorship and Translation During the Restoration Period<\/em>; supervisor: Prof. Laura Di Fiore; co-supervisor: Prof. Diego Carnevale.<\/li>\n\n\n\n<li><em>Marino Carla.<\/em> <em>In Search of New Paradigms for Teaching History in Upper Secondary Schools<\/em>; supervisor: Prof. Andrea D\u2019Onofrio; co-supervisors: Massimo Cattaneo and Francesco Senatore.<\/li>\n\n\n\n<li><em>Moracas Flavia.<\/em> <em>The Defense of Suburbicarian Italy in the 5th Century AD: Army, Society, and Military Control of the Territory<\/em>; supervisor: Prof. Umberto Roberto; co-supervisor: Prof. Pierfrancesco Porena (Roma Tre University).<\/li>\n\n\n\n<li><em>Orlo Lorenzo.<\/em> <em>\u201cLes enfants du peuple\u201d in 18th-Century Paris<\/em>; supervisor: Prof. Massimo Cattaneo; co-supervisor: Prof. Vincent Denis (University of Rouen Normandy, also responsible for issuing the double degree).<\/li>\n<\/ol>\n\n\n\n<p class=\"has-text-align-center\"><strong>38\u00b0 Cycle<\/strong><\/p>\n\n\n\n<ol class=\"wp-block-list\">\n<li><em>Baffo Marco.<\/em> <em>The Peace Occupation System of Fascist Italy: The Case Study of Albania<\/em>; supervisor: Prof. Andrea D\u2019Onofrio.<\/li>\n\n\n\n<li><em>Chiari Gianmarco.<\/em> <em>Enemies of God and Allies of God: Emperors and Deities in the 4th Century AD<\/em>; supervisor: Prof. Umberto Roberto; co-supervisor: Prof. Mar Marcos (University of Cantabria, Spain, also responsible for issuing the double degree).<\/li>\n\n\n\n<li><em>Di Benedetto Paolo.<\/em> <em>The Aeolid of Asia in the Roman Age<\/em>; supervisor: Prof. Giovanna Daniela Merola; co-supervisor: Prof. Vittorio Saldutti.<\/li>\n\n\n\n<li><em>Limatola Davide.<\/em> <em>Deconstruction of News and Information Agents in the Modern Age: Relations Between the Turk and the Italian States in the Medicean Archives of the 17th Century<\/em>; supervisor: Prof. Pasquale Palmieri.<\/li>\n\n\n\n<li><em>Stanca Stefano.<\/em> <em>The Alienation System in French Morocco<\/em>; supervisor: Prof. Teodoro Tagliaferri; co-supervisors: Prof. R\u00e9my Bazenguissa-Ganga (\u00c9cole des Hautes \u00c9tudes en Sciences Sociales, Paris) and Dr. Silvia Falconieri (\u00c9cole des Hautes \u00c9tudes en Sciences Sociales, Paris, also responsible for issuing the double degree).<\/li>\n\n\n\n<li><em>Matteo Ascolese.<\/em> <em>Facing the Exceptional: Disaster Communication, Informal Powers, and Political Strategies in the Spanish Monarchy of the 17th Century<\/em>; supervisor: Prof. Manuel Rivero Rodr\u00edguez (Complutense University of Madrid); co-supervisor: Prof. Domenico Cecere.<\/li>\n<\/ol>\n\n\n\n<p><\/p>\n","protected":false},"excerpt":{"rendered":"<p>41st Cycle 40th Cycle 39th Cycle 38\u00b0 Cycle<\/p>\n","protected":false},"author":1,"featured_media":0,"parent":0,"menu_order":0,"comment_status":"closed","ping_status":"closed","template":"","meta":{"footnotes":""},"class_list":["post-426","page","type-page","status-publish","hentry"],"_links":{"self":[{"href":"https:\/\/www.dottoratostoria.unina.it\/index.php\/wp-json\/wp\/v2\/pages\/426","targetHints":{"allow":["GET"]}}],"collection":[{"href":"https:\/\/www.dottoratostoria.unina.it\/index.php\/wp-json\/wp\/v2\/pages"}],"about":[{"href":"https:\/\/www.dottoratostoria.unina.it\/index.php\/wp-json\/wp\/v2\/types\/page"}],"author":[{"embeddable":true,"href":"https:\/\/www.dottoratostoria.unina.it\/index.php\/wp-json\/wp\/v2\/users\/1"}],"replies":[{"embeddable":true,"href":"https:\/\/www.dottoratostoria.unina.it\/index.php\/wp-json\/wp\/v2\/comments?post=426"}],"version-history":[{"count":31,"href":"https:\/\/www.dottoratostoria.unina.it\/index.php\/wp-json\/wp\/v2\/pages\/426\/revisions"}],"predecessor-version":[{"id":1870,"href":"https:\/\/www.dottoratostoria.unina.it\/index.php\/wp-json\/wp\/v2\/pages\/426\/revisions\/1870"}],"wp:attachment":[{"href":"https:\/\/www.dottoratostoria.unina.it\/index.php\/wp-json\/wp\/v2\/media?parent=426"}],"curies":[{"name":"wp","href":"https:\/\/api.w.org\/{rel}","templated":true}]}}