{"id":107,"date":"2022-05-24T12:49:43","date_gmt":"2022-05-24T10:49:43","guid":{"rendered":"http:\/\/www.dottoratostoria.unina.it\/?page_id=107"},"modified":"2024-05-16T09:03:25","modified_gmt":"2024-05-16T07:03:25","slug":"requisiti-di-ammissione","status":"publish","type":"page","link":"https:\/\/www.dottoratostoria.unina.it\/index.php\/it\/requisiti-di-ammissione\/","title":{"rendered":"Ammissione"},"content":{"rendered":"\n<p><em><strong>Requisiti<\/strong><\/em><\/p>\n\n\n\n<p>Possesso di laurea magistrale o specialistica o di un diploma di laurea conseguito ai sensi dei precedenti ordinamenti didattici, il cui corso legale abbia avuto durata almeno quadriennale conseguito presso una Universit\u00e0 Italiana, ovvero di titolo dichiarato equipollente, ovvero di titolo idoneo conseguito presso universit\u00e0 straniere.<br><\/p>\n\n\n\n<p><em><strong>Modalit\u00e0<\/strong><\/em><\/p>\n\n\n\n<p>Le prove d\u2019esame prevedono una valutazione comparativa dei candidati, delle loro conoscenze e attitudini alla ricerca scientifica sulla base della valutazione di:<br>\u2013 titoli, progetto di ricerca, conoscenza dell\u2019inglese e colloquio orale.<\/p>\n\n\n\n<p><a href=\"https:\/\/www.dottoratostoria.unina.it\/wp-content\/uploads\/2022\/06\/Progetto-di-ricerca_Modello_Research_Project_Outline_Template.docx\">Progetto di ricerca: modello<\/a><\/p>\n\n\n\n<p><\/p>\n\n\n\n<p><em><strong>Bandi<\/strong><\/em><\/p>\n\n\n\n<p><a href=\"https:\/\/www.dottoratostoria.unina.it\/index.php\/event\/bando-2024-40-ciclo\/\">2024: 40\u00b0 ciclo<\/a><\/p>\n\n\n\n<p><a href=\"https:\/\/www.dottoratostoria.unina.it\/index.php\/event\/bando-di-dottorato-in-historical-studies-39-ciclo\/\">2023: 39\u00b0 ciclo<\/a><\/p>\n\n\n\n<p><a href=\"https:\/\/www.dottoratostoria.unina.it\/index.php\/it\/bando-2022\/\">2022: 38\u00b0 ciclo<\/a><\/p>\n","protected":false},"excerpt":{"rendered":"<p>Requisiti Possesso di laurea magistrale o specialistica o di un diploma di laurea conseguito ai sensi dei precedenti ordinamenti didattici, il cui corso legale abbia avuto durata almeno quadriennale conseguito presso una Universit\u00e0 Italiana, ovvero di titolo dichiarato equipollente, ovvero di titolo idoneo conseguito presso universit\u00e0 straniere. Modalit\u00e0 Le prove d\u2019esame prevedono una valutazione comparativa [&hellip;]<\/p>\n","protected":false},"author":1,"featured_media":0,"parent":0,"menu_order":0,"comment_status":"closed","ping_status":"closed","template":"","meta":{"footnotes":""},"class_list":["post-107","page","type-page","status-publish","hentry"],"_links":{"self":[{"href":"https:\/\/www.dottoratostoria.unina.it\/index.php\/wp-json\/wp\/v2\/pages\/107","targetHints":{"allow":["GET"]}}],"collection":[{"href":"https:\/\/www.dottoratostoria.unina.it\/index.php\/wp-json\/wp\/v2\/pages"}],"about":[{"href":"https:\/\/www.dottoratostoria.unina.it\/index.php\/wp-json\/wp\/v2\/types\/page"}],"author":[{"embeddable":true,"href":"https:\/\/www.dottoratostoria.unina.it\/index.php\/wp-json\/wp\/v2\/users\/1"}],"replies":[{"embeddable":true,"href":"https:\/\/www.dottoratostoria.unina.it\/index.php\/wp-json\/wp\/v2\/comments?post=107"}],"version-history":[{"count":6,"href":"https:\/\/www.dottoratostoria.unina.it\/index.php\/wp-json\/wp\/v2\/pages\/107\/revisions"}],"predecessor-version":[{"id":1401,"href":"https:\/\/www.dottoratostoria.unina.it\/index.php\/wp-json\/wp\/v2\/pages\/107\/revisions\/1401"}],"wp:attachment":[{"href":"https:\/\/www.dottoratostoria.unina.it\/index.php\/wp-json\/wp\/v2\/media?parent=107"}],"curies":[{"name":"wp","href":"https:\/\/api.w.org\/{rel}","templated":true}]}}